{"id":15112,"date":"2024-09-25T08:28:20","date_gmt":"2024-09-25T12:28:20","guid":{"rendered":"https:\/\/wizoo.ca\/?page_id=15112"},"modified":"2024-09-25T08:33:08","modified_gmt":"2024-09-25T12:33:08","slug":"customer-service","status":"publish","type":"page","link":"https:\/\/wizoo.ca\/en\/customer-service\/","title":{"rendered":"Customer service"},"content":{"rendered":"<p><div class=\"fusion-fullwidth fullwidth-box fusion-builder-row-1 fusion-flex-container has-pattern-background has-mask-background nonhundred-percent-fullwidth non-hundred-percent-height-scrolling\" style=\"--awb-border-radius-top-left:0px;--awb-border-radius-top-right:0px;--awb-border-radius-bottom-right:0px;--awb-border-radius-bottom-left:0px;--awb-margin-top:60px;--awb-margin-bottom:60px;--awb-flex-wrap:wrap;\" ><div class=\"fusion-builder-row fusion-row fusion-flex-align-items-flex-start fusion-flex-content-wrap\" style=\"max-width:1560px;margin-left: calc(-4% \/ 2 );margin-right: calc(-4% \/ 2 );\"><div class=\"fusion-layout-column fusion_builder_column fusion-builder-column-0 fusion_builder_column_1_3 1_3 fusion-flex-column\" style=\"--awb-bg-size:cover;--awb-width-large:33.333333333333%;--awb-margin-top-large:0px;--awb-spacing-right-large:5.76%;--awb-margin-bottom-large:20px;--awb-spacing-left-large:5.76%;--awb-width-medium:100%;--awb-order-medium:0;--awb-spacing-right-medium:1.92%;--awb-spacing-left-medium:1.92%;--awb-width-small:100%;--awb-order-small:0;--awb-spacing-right-small:1.92%;--awb-spacing-left-small:1.92%;\"><div class=\"fusion-column-wrapper fusion-column-has-shadow fusion-flex-justify-content-flex-start fusion-content-layout-column\"><div class=\"fusion-image-element \" style=\"--awb-mask-url: url(https:\/\/wizoo.ca\/wp-content\/plugins\/fusion-builder\/\/assets\/images\/masks\/mask-10.svg);--awb-caption-title-font-family:var(--h2_typography-font-family);--awb-caption-title-font-weight:var(--h2_typography-font-weight);--awb-caption-title-font-style:var(--h2_typography-font-style);--awb-caption-title-size:var(--h2_typography-font-size);--awb-caption-title-transform:var(--h2_typography-text-transform);--awb-caption-title-line-height:var(--h2_typography-line-height);--awb-caption-title-letter-spacing:var(--h2_typography-letter-spacing);\"><span class=\" fusion-imageframe imageframe-none imageframe-1 hover-type-none has-mask\"><img decoding=\"async\" width=\"434\" height=\"434\" title=\"IMG_8769-1\" src=\"https:\/\/wizoo.ca\/wp-content\/uploads\/2024\/09\/IMG_8769-1.jpg\" alt class=\"img-responsive wp-image-15094\" srcset=\"https:\/\/wizoo.ca\/wp-content\/uploads\/2024\/09\/IMG_8769-1-200x200.jpg 200w, https:\/\/wizoo.ca\/wp-content\/uploads\/2024\/09\/IMG_8769-1-400x400.jpg 400w, https:\/\/wizoo.ca\/wp-content\/uploads\/2024\/09\/IMG_8769-1.jpg 434w\" sizes=\"(max-width: 1024px) 100vw, (max-width: 640px) 100vw, 434px\" \/><\/span><\/div><\/div><\/div><div class=\"fusion-layout-column fusion_builder_column fusion-builder-column-1 fusion_builder_column_1_3 1_3 fusion-flex-column\" style=\"--awb-bg-size:cover;--awb-width-large:33.333333333333%;--awb-margin-top-large:0px;--awb-spacing-right-large:5.76%;--awb-margin-bottom-large:20px;--awb-spacing-left-large:5.76%;--awb-width-medium:100%;--awb-order-medium:0;--awb-spacing-right-medium:1.92%;--awb-spacing-left-medium:1.92%;--awb-width-small:100%;--awb-order-small:0;--awb-spacing-right-small:1.92%;--awb-spacing-left-small:1.92%;\"><div class=\"fusion-column-wrapper fusion-column-has-shadow fusion-flex-justify-content-flex-start fusion-content-layout-column\"><div class=\"fusion-title title fusion-title-1 fusion-sep-none fusion-title-text fusion-title-size-one\" style=\"--awb-margin-top-small:0px;--awb-margin-right-small:0px;--awb-margin-bottom-small:20px;--awb-margin-left-small:0px;\"><h1 class=\"fusion-title-heading title-heading-left fusion-responsive-typography-calculated\" style=\"margin:0;--fontSize:50;line-height:1.2;\"><h2>Discover Katerine and \u00c9lisabeth<\/h2><\/h1><\/div><div class=\"fusion-text fusion-text-1\"><p>With their training in teaching and their many years of experience in customer service, \u00c9lisabeth and Katerine are passionate about \u201cThe Solution! From the moment they joined the Wizoo veterinary team, their unique communication skills were put to good use. Having worked as receptionists and supervisors at Wizoo&#8217;s Brossard branch, \u00c9lisabeth and Katerine have won over customers with their gentle, empathetic approach.<\/p>\n<p>Now Service Excellence Agents, they are always available to help, whatever your concerns or needs. They&#8217;re both mothers of four-legged animals themselves, and they understand and know how to help you!<\/p>\n<\/div><div style=\"text-align:left;\"><a class=\"fusion-button button-flat button-xlarge button-default fusion-button-default button-1 fusion-button-default-span fusion-button-default-type\" style=\"--button-border-radius-top-left:0;--button-border-radius-top-right:0;--button-border-radius-bottom-right:0;--button-border-radius-bottom-left:0;\" target=\"_blank\" rel=\"noopener noreferrer\" href=\"https:\/\/m.me\/wizoo.vet\"><span class=\"fusion-button-text awb-button__text awb-button__text--default\">Live Chat<\/span><\/a><\/div><\/div><\/div><div class=\"fusion-layout-column fusion_builder_column fusion-builder-column-2 fusion_builder_column_1_3 1_3 fusion-flex-column\" style=\"--awb-bg-size:cover;--awb-width-large:33.333333333333%;--awb-margin-top-large:0px;--awb-spacing-right-large:5.76%;--awb-margin-bottom-large:20px;--awb-spacing-left-large:5.76%;--awb-width-medium:100%;--awb-order-medium:0;--awb-spacing-right-medium:1.92%;--awb-spacing-left-medium:1.92%;--awb-width-small:100%;--awb-order-small:0;--awb-spacing-right-small:1.92%;--awb-spacing-left-small:1.92%;\"><div class=\"fusion-column-wrapper fusion-column-has-shadow fusion-flex-justify-content-flex-start fusion-content-layout-column\"><div class=\"fusion-image-element \" style=\"--awb-mask-url: url(https:\/\/wizoo.ca\/wp-content\/plugins\/fusion-builder\/\/assets\/images\/masks\/mask-10.svg);--awb-margin-bottom:10%;--awb-caption-title-font-family:var(--h2_typography-font-family);--awb-caption-title-font-weight:var(--h2_typography-font-weight);--awb-caption-title-font-style:var(--h2_typography-font-style);--awb-caption-title-size:var(--h2_typography-font-size);--awb-caption-title-transform:var(--h2_typography-text-transform);--awb-caption-title-line-height:var(--h2_typography-line-height);--awb-caption-title-letter-spacing:var(--h2_typography-letter-spacing);\"><span class=\" fusion-imageframe imageframe-none imageframe-2 hover-type-none has-mask\"><img decoding=\"async\" width=\"434\" height=\"434\" title=\"Photo-Elisabeth-Bellefeuille-1\" src=\"https:\/\/wizoo.ca\/wp-content\/uploads\/2024\/09\/Photo-Elisabeth-Bellefeuille-1.jpg\" alt class=\"img-responsive wp-image-15099\" srcset=\"https:\/\/wizoo.ca\/wp-content\/uploads\/2024\/09\/Photo-Elisabeth-Bellefeuille-1-200x200.jpg 200w, https:\/\/wizoo.ca\/wp-content\/uploads\/2024\/09\/Photo-Elisabeth-Bellefeuille-1-400x400.jpg 400w, https:\/\/wizoo.ca\/wp-content\/uploads\/2024\/09\/Photo-Elisabeth-Bellefeuille-1.jpg 434w\" sizes=\"(max-width: 1024px) 100vw, (max-width: 640px) 100vw, 434px\" \/><\/span><\/div><\/div><\/div><\/div><\/div><div class=\"fusion-fullwidth fullwidth-box fusion-builder-row-2 hundred-percent-fullwidth non-hundred-percent-height-scrolling fusion-equal-height-columns\" style=\"--awb-border-radius-top-left:0px;--awb-border-radius-top-right:0px;--awb-border-radius-bottom-right:0px;--awb-border-radius-bottom-left:0px;--awb-padding-top:60px;--awb-padding-bottom:60px;--awb-margin-top:60px;--awb-background-color:#39187d;--awb-flex-wrap:wrap;\" ><div class=\"fusion-builder-row fusion-row\"><div class=\"fusion-layout-column fusion_builder_column fusion-builder-column-3 fusion_builder_column_2_3 2_3 fusion-two-third fusion-column-first\" style=\"--awb-bg-blend:overlay;--awb-bg-size:cover;--awb-margin-bottom:0px;width:66.666666666667%;width:calc(66.666666666667% - ( ( 4% ) * 0.66666666666667 ) );margin-right: 4%;\"><div class=\"fusion-column-wrapper fusion-flex-column-wrapper-legacy\"><div class=\"fusion-column-content-centered\"><div class=\"fusion-column-content\"><div class=\"fusion-text fusion-text-2\"><h3 style=\"color: #ffffff; margin: 0px; text-align: center;\">Si vous avez des questions, contactez-nous !<\/h3>\n<\/div><\/div><\/div><div class=\"fusion-clearfix\"><\/div><\/div><\/div><div class=\"fusion-layout-column fusion_builder_column fusion-builder-column-4 fusion_builder_column_1_3 1_3 fusion-one-third fusion-column-last\" style=\"--awb-bg-blend:overlay;--awb-bg-size:cover;--awb-margin-bottom:0px;width:33.333333333333%;width:calc(33.333333333333% - ( ( 4% ) * 0.33333333333333 ) );\"><div class=\"fusion-column-wrapper fusion-flex-column-wrapper-legacy\"><div class=\"fusion-column-content-centered\"><div class=\"fusion-column-content\"><div class=\"fusion-sep-clear\"><\/div><div class=\"fusion-separator fusion-no-medium-visibility fusion-no-large-visibility fusion-full-width-sep\" style=\"margin-left: auto;margin-right: auto;margin-top:50px;width:100%;\"><\/div><div class=\"fusion-sep-clear\"><\/div><div class=\"fusion-aligncenter\"><a class=\"fusion-button button-flat fusion-button-default-size button-default fusion-button-default button-2 fusion-button-default-span fusion-button-default-type\" style=\"--button-border-radius-top-left:25px;--button-border-radius-top-right:25px;--button-border-radius-bottom-right:25px;--button-border-radius-bottom-left:25px;\" target=\"_self\" href=\"https:\/\/wizoo.ca\/en\/contact\/\"><span class=\"fusion-button-text awb-button__text awb-button__text--default\">Contactez-nous<\/span><\/a><\/div><\/div><\/div><div class=\"fusion-clearfix\"><\/div><\/div><\/div><\/div><\/div>\n<\/p>\n","protected":false},"excerpt":{"rendered":"","protected":false},"author":13,"featured_media":0,"parent":0,"menu_order":0,"comment_status":"closed","ping_status":"closed","template":"100-width.php","meta":{"_acf_changed":false,"footnotes":""},"class_list":["post-15112","page","type-page","status-publish","hentry"],"acf":[],"yoast_head":"<!-- This site is optimized with the Yoast SEO plugin v27.2 - https:\/\/yoast.com\/product\/yoast-seo-wordpress\/ -->\n<title>Abordable, Accessible, Adorable | \u00c0 propos | Wizoo<\/title>\n<meta name=\"description\" content=\"Notre but? Soigner vos animaux dans un cadre accessible, avec amour, et de mani\u00e8re abordable gr\u00e2ce \u00e0 la pr\u00e9vention sur les services essentiels.\" \/>\n<meta name=\"robots\" content=\"index, follow, max-snippet:-1, max-image-preview:large, max-video-preview:-1\" \/>\n<link rel=\"canonical\" href=\"https:\/\/wizoo.ca\/en\/customer-service\/\" \/>\n<meta property=\"og:locale\" content=\"en_US\" \/>\n<meta property=\"og:type\" content=\"article\" \/>\n<meta property=\"og:title\" content=\"Abordable, Accessible, Adorable | \u00c0 propos | Wizoo\" \/>\n<meta property=\"og:description\" content=\"Notre but? Soigner vos animaux dans un cadre accessible, avec amour, et de mani\u00e8re abordable gr\u00e2ce \u00e0 la pr\u00e9vention sur les services essentiels.\" \/>\n<meta property=\"og:url\" content=\"https:\/\/wizoo.ca\/en\/customer-service\/\" \/>\n<meta property=\"og:site_name\" content=\"Wizoo\" \/>\n<meta property=\"article:modified_time\" content=\"2024-09-25T12:33:08+00:00\" \/>\n<meta name=\"twitter:card\" content=\"summary_large_image\" \/>\n<meta name=\"twitter:label1\" content=\"Est. reading time\" \/>\n\t<meta name=\"twitter:data1\" content=\"1 minute\" \/>\n<script type=\"application\/ld+json\" class=\"yoast-schema-graph\">{\"@context\":\"https:\/\/schema.org\",\"@graph\":[{\"@type\":\"WebPage\",\"@id\":\"https:\/\/wizoo.ca\/en\/customer-service\/\",\"url\":\"https:\/\/wizoo.ca\/en\/customer-service\/\",\"name\":\"Abordable, Accessible, Adorable | \u00c0 propos | Wizoo\",\"isPartOf\":{\"@id\":\"https:\/\/wizoo.ca\/en\/#website\"},\"datePublished\":\"2024-09-25T12:28:20+00:00\",\"dateModified\":\"2024-09-25T12:33:08+00:00\",\"description\":\"Notre but? Soigner vos animaux dans un cadre accessible, avec amour, et de mani\u00e8re abordable gr\u00e2ce \u00e0 la pr\u00e9vention sur les services essentiels.\",\"breadcrumb\":{\"@id\":\"https:\/\/wizoo.ca\/en\/customer-service\/#breadcrumb\"},\"inLanguage\":\"en-US\",\"potentialAction\":[{\"@type\":\"ReadAction\",\"target\":[\"https:\/\/wizoo.ca\/en\/customer-service\/\"]}]},{\"@type\":\"BreadcrumbList\",\"@id\":\"https:\/\/wizoo.ca\/en\/customer-service\/#breadcrumb\",\"itemListElement\":[{\"@type\":\"ListItem\",\"position\":1,\"name\":\"Home\",\"item\":\"https:\/\/wizoo.ca\/en\/\"},{\"@type\":\"ListItem\",\"position\":2,\"name\":\"Customer service\"}]},{\"@type\":\"WebSite\",\"@id\":\"https:\/\/wizoo.ca\/en\/#website\",\"url\":\"https:\/\/wizoo.ca\/en\/\",\"name\":\"Wizoo\",\"description\":\"Un bureau v\u00e9t\u00e9rinaire pas comme les autres\",\"potentialAction\":[{\"@type\":\"SearchAction\",\"target\":{\"@type\":\"EntryPoint\",\"urlTemplate\":\"https:\/\/wizoo.ca\/en\/?s={search_term_string}\"},\"query-input\":{\"@type\":\"PropertyValueSpecification\",\"valueRequired\":true,\"valueName\":\"search_term_string\"}}],\"inLanguage\":\"en-US\"}]}<\/script>\n<!-- \/ Yoast SEO plugin. -->","yoast_head_json":{"title":"Abordable, Accessible, Adorable | \u00c0 propos | Wizoo","description":"Notre but? Soigner vos animaux dans un cadre accessible, avec amour, et de mani\u00e8re abordable gr\u00e2ce \u00e0 la pr\u00e9vention sur les services essentiels.","robots":{"index":"index","follow":"follow","max-snippet":"max-snippet:-1","max-image-preview":"max-image-preview:large","max-video-preview":"max-video-preview:-1"},"canonical":"https:\/\/wizoo.ca\/en\/customer-service\/","og_locale":"en_US","og_type":"article","og_title":"Abordable, Accessible, Adorable | \u00c0 propos | Wizoo","og_description":"Notre but? Soigner vos animaux dans un cadre accessible, avec amour, et de mani\u00e8re abordable gr\u00e2ce \u00e0 la pr\u00e9vention sur les services essentiels.","og_url":"https:\/\/wizoo.ca\/en\/customer-service\/","og_site_name":"Wizoo","article_modified_time":"2024-09-25T12:33:08+00:00","twitter_card":"summary_large_image","twitter_misc":{"Est. reading time":"1 minute"},"schema":{"@context":"https:\/\/schema.org","@graph":[{"@type":"WebPage","@id":"https:\/\/wizoo.ca\/en\/customer-service\/","url":"https:\/\/wizoo.ca\/en\/customer-service\/","name":"Abordable, Accessible, Adorable | \u00c0 propos | Wizoo","isPartOf":{"@id":"https:\/\/wizoo.ca\/en\/#website"},"datePublished":"2024-09-25T12:28:20+00:00","dateModified":"2024-09-25T12:33:08+00:00","description":"Notre but? Soigner vos animaux dans un cadre accessible, avec amour, et de mani\u00e8re abordable gr\u00e2ce \u00e0 la pr\u00e9vention sur les services essentiels.","breadcrumb":{"@id":"https:\/\/wizoo.ca\/en\/customer-service\/#breadcrumb"},"inLanguage":"en-US","potentialAction":[{"@type":"ReadAction","target":["https:\/\/wizoo.ca\/en\/customer-service\/"]}]},{"@type":"BreadcrumbList","@id":"https:\/\/wizoo.ca\/en\/customer-service\/#breadcrumb","itemListElement":[{"@type":"ListItem","position":1,"name":"Home","item":"https:\/\/wizoo.ca\/en\/"},{"@type":"ListItem","position":2,"name":"Customer service"}]},{"@type":"WebSite","@id":"https:\/\/wizoo.ca\/en\/#website","url":"https:\/\/wizoo.ca\/en\/","name":"Wizoo","description":"Un bureau v\u00e9t\u00e9rinaire pas comme les autres","potentialAction":[{"@type":"SearchAction","target":{"@type":"EntryPoint","urlTemplate":"https:\/\/wizoo.ca\/en\/?s={search_term_string}"},"query-input":{"@type":"PropertyValueSpecification","valueRequired":true,"valueName":"search_term_string"}}],"inLanguage":"en-US"}]}},"_links":{"self":[{"href":"https:\/\/wizoo.ca\/en\/wp-json\/wp\/v2\/pages\/15112","targetHints":{"allow":["GET"]}}],"collection":[{"href":"https:\/\/wizoo.ca\/en\/wp-json\/wp\/v2\/pages"}],"about":[{"href":"https:\/\/wizoo.ca\/en\/wp-json\/wp\/v2\/types\/page"}],"author":[{"embeddable":true,"href":"https:\/\/wizoo.ca\/en\/wp-json\/wp\/v2\/users\/13"}],"replies":[{"embeddable":true,"href":"https:\/\/wizoo.ca\/en\/wp-json\/wp\/v2\/comments?post=15112"}],"version-history":[{"count":2,"href":"https:\/\/wizoo.ca\/en\/wp-json\/wp\/v2\/pages\/15112\/revisions"}],"predecessor-version":[{"id":15120,"href":"https:\/\/wizoo.ca\/en\/wp-json\/wp\/v2\/pages\/15112\/revisions\/15120"}],"wp:attachment":[{"href":"https:\/\/wizoo.ca\/en\/wp-json\/wp\/v2\/media?parent=15112"}],"curies":[{"name":"wp","href":"https:\/\/api.w.org\/{rel}","templated":true}]}}