{"id":2109,"date":"2016-11-07T04:06:06","date_gmt":"2016-11-07T04:06:06","guid":{"rendered":"https:\/\/wizoo.ca\/chronique-sante-animale\/"},"modified":"2023-05-31T09:02:11","modified_gmt":"2023-05-31T13:02:11","slug":"animal-health-chronicle","status":"publish","type":"page","link":"https:\/\/wizoo.ca\/en\/animal-health-chronicle\/","title":{"rendered":"Blog | Animal health chronicle"},"content":{"rendered":"<p><div class=\"fusion-fullwidth fullwidth-box fusion-builder-row-1 nonhundred-percent-fullwidth non-hundred-percent-height-scrolling\" style=\"--awb-border-radius-top-left:0px;--awb-border-radius-top-right:0px;--awb-border-radius-bottom-right:0px;--awb-border-radius-bottom-left:0px;--awb-padding-top:100px;--awb-padding-right:10%;--awb-padding-bottom:70px;--awb-padding-left:10%;--awb-background-color:#ffffff;--awb-flex-wrap:wrap;\" ><div class=\"fusion-builder-row fusion-row\"><div class=\"fusion-layout-column fusion_builder_column fusion-builder-column-0 fusion_builder_column_1_1 1_1 fusion-one-full fusion-column-first fusion-column-last\" style=\"--awb-bg-size:cover;--awb-margin-bottom:0px;\"><div class=\"fusion-column-wrapper fusion-flex-column-wrapper-legacy\"><div class=\"fusion-blog-shortcode fusion-blog-shortcode-1 fusion-blog-archive fusion-blog-layout-grid-wrapper fusion-blog-pagination\"><style type=\"text\/css\">.fusion-blog-shortcode-1 .fusion-blog-layout-grid .fusion-post-grid{padding:27.5px;}.fusion-blog-shortcode-1 .fusion-posts-container{margin-left: -27.5px !important; margin-right:-27.5px !important;}<\/style><div class=\"fusion-posts-container fusion-posts-container-pagination fusion-blog-rollover fusion-blog-layout-grid fusion-blog-layout-grid-3 isotope fusion-blog-equal-heights\" data-pages=\"1\" data-grid-col-space=\"55\" style=\"margin: -27.5px -27.5px 0;min-height:500px;\"><article id=\"blog-1-post-17051\" class=\"fusion-post-grid post-17051 post type-post status-publish format-standard has-post-thumbnail hentry category-general-health\">\n<div class=\"fusion-post-wrapper\" style=\"background-color:rgba(255,255,255,0);border:1px solid #ebeaea;border-bottom-width:3px;\">\n\n\t\t\t<div class=\"fusion-flexslider flexslider fusion-flexslider-loading fusion-post-slideshow\" style=\"border-color:#ebeaea;\">\n\t\t<ul class=\"slides\">\n\t\t\t\n\t\t\t\t\t\t\t\t\t\t\t\t\t\t<li><div  class=\"fusion-image-wrapper\" aria-haspopup=\"true\">\n\t\t\t\t<img decoding=\"async\" width=\"1080\" height=\"400\" src=\"https:\/\/wizoo.ca\/wp-content\/uploads\/2025\/04\/Wizoo-blogue-placeholder-sm.png\" class=\"attachment-full size-full wp-post-image\" alt=\"\" srcset=\"https:\/\/wizoo.ca\/wp-content\/uploads\/2025\/04\/Wizoo-blogue-placeholder-sm-200x74.png 200w, https:\/\/wizoo.ca\/wp-content\/uploads\/2025\/04\/Wizoo-blogue-placeholder-sm-400x148.png 400w, https:\/\/wizoo.ca\/wp-content\/uploads\/2025\/04\/Wizoo-blogue-placeholder-sm-600x222.png 600w, https:\/\/wizoo.ca\/wp-content\/uploads\/2025\/04\/Wizoo-blogue-placeholder-sm-800x296.png 800w, https:\/\/wizoo.ca\/wp-content\/uploads\/2025\/04\/Wizoo-blogue-placeholder-sm.png 1080w\" sizes=\"(min-width: 2200px) 100vw, (min-width: 784px) 463px, (min-width: 712px) 695px, (min-width: 640px) 712px, \" \/><div class=\"fusion-rollover\">\n\t<div class=\"fusion-rollover-content\">\n\n\t\t\t\t\t\t\t\t\t\t\t\t\t\t<a class=\"fusion-rollover-link\" href=\"https:\/\/wizoo.ca\/en\/rabbit-hemorrhagic-disease-the-virus-nobody-wants-to-meet\/\">Rabbit Hemorrhagic Disease\u2026 The virus nobody wants to meet!<\/a>\n\t\t\t\n\t\t\t\t\t\t\t\t\t\t\t\t\t\t\n\t\t\t\t\t\t\t\t\n\t\t\t\t\t\t\t\t\t\t\t\t\t<div class=\"fusion-rollover-sep\"><\/div>\n\t\t\t\t\n\t\t\t\t\t\t\t\t\t\t\t\t\t\t\t\t\t\t<a class=\"fusion-rollover-gallery\" href=\"https:\/\/wizoo.ca\/wp-content\/uploads\/2025\/04\/Wizoo-blogue-placeholder-sm.png\" data-options=\"\" data-id=\"17051\" data-rel=\"iLightbox[gallery]\" data-title=\"Wizoo-blogue-placeholder-sm\" data-caption=\"\">\n\t\t\t\t\t\tGallery\t\t\t\t\t<\/a>\n\t\t\t\t\t\t\t\t\t\t\t\t\t\t\n\t\t\n\t\t\t\t\t\t\t\t\t\t\t\t<h4 class=\"fusion-rollover-title\">\n\t\t\t\t\t<a class=\"fusion-rollover-title-link\" href=\"https:\/\/wizoo.ca\/en\/rabbit-hemorrhagic-disease-the-virus-nobody-wants-to-meet\/\">\n\t\t\t\t\t\tRabbit Hemorrhagic Disease\u2026 The virus nobody wants to meet!\t\t\t\t\t<\/a>\n\t\t\t\t<\/h4>\n\t\t\t\n\t\t\t\t\t\t\t\t\t\t<div class=\"fusion-rollover-categories\"><a href=\"https:\/\/wizoo.ca\/en\/category\/general-health\/\" rel=\"tag\">General Health<\/a><\/div>\t\t\t\t\t\n\t\t\n\t\t\t\t\t\t<a class=\"fusion-link-wrapper\" href=\"https:\/\/wizoo.ca\/en\/rabbit-hemorrhagic-disease-the-virus-nobody-wants-to-meet\/\" aria-label=\"Rabbit Hemorrhagic Disease\u2026 The virus nobody wants to meet!\"><\/a>\n\t<\/div>\n<\/div>\n<\/div>\n<\/li>\n\t\t\t\n\t\t\t\n\t\t\t\t\t\t\t\t\t\t\t\t\t\t\t\t\t\t\t\t\t\t\t\t\t\t\t\t\t\t\t\t\t\t\t\t\t\t\t\t\t\t\t\t\t\t\t\t\t\t\t\t\t\t\t\t\t\t\t\t\t\t\t\t\t\t\t\t<\/ul>\n\t<\/div>\n\t<div class=\"fusion-post-content-wrapper\" style=\"padding:30px 25px 20px 25px;\"><div class=\"fusion-post-content post-content\"><h2 class=\"blog-shortcode-post-title entry-title\"><a href=\"https:\/\/wizoo.ca\/en\/rabbit-hemorrhagic-disease-the-virus-nobody-wants-to-meet\/\">Rabbit Hemorrhagic Disease\u2026 The virus nobody wants to meet!<\/a><\/h2><div class=\"fusion-content-sep sep-none\"><\/div><div class=\"fusion-post-content-container\"><p> (Spoiler: there is a vaccine, thank goodness.) Ah, rabbits. Those fluffy bundles of joy with helicopter ears, endless curiosity, and a sneaky talent for chewing phone chargers. We love them for their quiet affection,[...]<\/p><\/div><\/div><div class=\"fusion-meta-info\"><div class=\"fusion-alignleft\"><a class=\"fusion-read-more\" href=\"https:\/\/wizoo.ca\/en\/rabbit-hemorrhagic-disease-the-virus-nobody-wants-to-meet\/\" aria-label=\"More on Rabbit Hemorrhagic Disease\u2026 The virus nobody wants to meet!\">Read More<\/a><\/div><\/div><\/div><div class=\"fusion-clearfix\"><\/div><\/div>\n<\/article>\n<article id=\"blog-1-post-2089\" class=\"fusion-post-grid post-2089 post type-post status-publish format-standard has-post-thumbnail hentry category-general-health category-sante-generale\">\n<div class=\"fusion-post-wrapper\" style=\"background-color:rgba(255,255,255,0);border:1px solid #ebeaea;border-bottom-width:3px;\">\n\n\t\t\t<div class=\"fusion-flexslider flexslider fusion-flexslider-loading fusion-post-slideshow\" style=\"border-color:#ebeaea;\">\n\t\t<ul class=\"slides\">\n\t\t\t\n\t\t\t\t\t\t\t\t\t\t\t\t\t\t<li><div  class=\"fusion-image-wrapper\" aria-haspopup=\"true\">\n\t\t\t\t<img decoding=\"async\" width=\"1155\" height=\"896\" src=\"https:\/\/wizoo.ca\/wp-content\/uploads\/2019\/10\/Wizoo-blogue_Vaccination.jpg\" class=\"attachment-full size-full wp-post-image\" alt=\"\" srcset=\"https:\/\/wizoo.ca\/wp-content\/uploads\/2019\/10\/Wizoo-blogue_Vaccination-200x155.jpg 200w, https:\/\/wizoo.ca\/wp-content\/uploads\/2019\/10\/Wizoo-blogue_Vaccination-400x310.jpg 400w, https:\/\/wizoo.ca\/wp-content\/uploads\/2019\/10\/Wizoo-blogue_Vaccination-600x465.jpg 600w, https:\/\/wizoo.ca\/wp-content\/uploads\/2019\/10\/Wizoo-blogue_Vaccination-800x621.jpg 800w, https:\/\/wizoo.ca\/wp-content\/uploads\/2019\/10\/Wizoo-blogue_Vaccination.jpg 1155w\" sizes=\"(min-width: 2200px) 100vw, (min-width: 784px) 463px, (min-width: 712px) 695px, (min-width: 640px) 712px, \" \/><div class=\"fusion-rollover\">\n\t<div class=\"fusion-rollover-content\">\n\n\t\t\t\t\t\t\t\t\t\t\t\t\t\t<a class=\"fusion-rollover-link\" href=\"https:\/\/wizoo.ca\/en\/one-vaccine-two-vaccines-five-vaccines\/\">The importance of animal vaccination<\/a>\n\t\t\t\n\t\t\t\t\t\t\t\t\t\t\t\t\t\t\n\t\t\t\t\t\t\t\t\n\t\t\t\t\t\t\t\t\t\t\t\t\t<div class=\"fusion-rollover-sep\"><\/div>\n\t\t\t\t\n\t\t\t\t\t\t\t\t\t\t\t\t\t\t\t\t\t\t<a class=\"fusion-rollover-gallery\" href=\"https:\/\/wizoo.ca\/wp-content\/uploads\/2019\/10\/Wizoo-blogue_Vaccination.jpg\" data-options=\"\" data-id=\"2089\" data-rel=\"iLightbox[gallery]\" data-title=\"Wizoo-blogue_Vaccination\" data-caption=\"\">\n\t\t\t\t\t\tGallery\t\t\t\t\t<\/a>\n\t\t\t\t\t\t\t\t\t\t\t\t\t\t\n\t\t\n\t\t\t\t\t\t\t\t\t\t\t\t<h4 class=\"fusion-rollover-title\">\n\t\t\t\t\t<a class=\"fusion-rollover-title-link\" href=\"https:\/\/wizoo.ca\/en\/one-vaccine-two-vaccines-five-vaccines\/\">\n\t\t\t\t\t\tThe importance of animal vaccination\t\t\t\t\t<\/a>\n\t\t\t\t<\/h4>\n\t\t\t\n\t\t\t\t\t\t\t\t\t\t<div class=\"fusion-rollover-categories\"><a href=\"https:\/\/wizoo.ca\/en\/category\/general-health\/\" rel=\"tag\">General Health<\/a>, <a href=\"https:\/\/wizoo.ca\/category\/sante-generale\/\" rel=\"tag\">Sant\u00e9 g\u00e9n\u00e9rale<\/a><\/div>\t\t\t\t\t\n\t\t\n\t\t\t\t\t\t<a class=\"fusion-link-wrapper\" href=\"https:\/\/wizoo.ca\/en\/one-vaccine-two-vaccines-five-vaccines\/\" aria-label=\"The importance of animal vaccination\"><\/a>\n\t<\/div>\n<\/div>\n<\/div>\n<\/li>\n\t\t\t\n\t\t\t\n\t\t\t\t\t\t\t\t\t\t\t\t\t\t\t\t\t\t\t\t\t\t\t\t\t\t\t\t\t\t\t\t\t\t\t\t\t\t\t\t\t\t\t\t\t\t\t\t\t\t\t\t\t\t\t\t\t\t\t\t\t\t\t\t\t\t\t\t<\/ul>\n\t<\/div>\n\t<div class=\"fusion-post-content-wrapper\" style=\"padding:30px 25px 20px 25px;\"><div class=\"fusion-post-content post-content\"><h2 class=\"blog-shortcode-post-title entry-title\"><a href=\"https:\/\/wizoo.ca\/en\/one-vaccine-two-vaccines-five-vaccines\/\">The importance of animal vaccination<\/a><\/h2><div class=\"fusion-content-sep sep-none\"><\/div><div class=\"fusion-post-content-container\"><p>  Gavroche, the Italian Whippet, perched high on his long legs, is looking with disbelief at C\u00e9line, the human, who is explaining to him gently, but with a certain stress in her voice, that[...]<\/p><\/div><\/div><div class=\"fusion-meta-info\"><div class=\"fusion-alignleft\"><a class=\"fusion-read-more\" href=\"https:\/\/wizoo.ca\/en\/one-vaccine-two-vaccines-five-vaccines\/\" aria-label=\"More on The importance of animal vaccination\">Read More<\/a><\/div><\/div><\/div><div class=\"fusion-clearfix\"><\/div><\/div>\n<\/article>\n<article id=\"blog-1-post-2090\" class=\"fusion-post-grid post-2090 post type-post status-publish format-standard has-post-thumbnail hentry category-general-health category-sante-generale\">\n<div class=\"fusion-post-wrapper\" style=\"background-color:rgba(255,255,255,0);border:1px solid #ebeaea;border-bottom-width:3px;\">\n\n\t\t\t<div class=\"fusion-flexslider flexslider fusion-flexslider-loading fusion-post-slideshow\" style=\"border-color:#ebeaea;\">\n\t\t<ul class=\"slides\">\n\t\t\t\n\t\t\t\t\t\t\t\t\t\t\t\t\t\t<li><div  class=\"fusion-image-wrapper\" aria-haspopup=\"true\">\n\t\t\t\t<img decoding=\"async\" width=\"931\" height=\"917\" src=\"https:\/\/wizoo.ca\/wp-content\/uploads\/2019\/09\/Wizoo-blogue_Tiques.jpg\" class=\"attachment-full size-full wp-post-image\" alt=\"\" srcset=\"https:\/\/wizoo.ca\/wp-content\/uploads\/2019\/09\/Wizoo-blogue_Tiques-200x197.jpg 200w, https:\/\/wizoo.ca\/wp-content\/uploads\/2019\/09\/Wizoo-blogue_Tiques-400x394.jpg 400w, https:\/\/wizoo.ca\/wp-content\/uploads\/2019\/09\/Wizoo-blogue_Tiques-600x591.jpg 600w, https:\/\/wizoo.ca\/wp-content\/uploads\/2019\/09\/Wizoo-blogue_Tiques-800x788.jpg 800w, https:\/\/wizoo.ca\/wp-content\/uploads\/2019\/09\/Wizoo-blogue_Tiques.jpg 931w\" sizes=\"(min-width: 2200px) 100vw, (min-width: 784px) 463px, (min-width: 712px) 695px, (min-width: 640px) 712px, \" \/><div class=\"fusion-rollover\">\n\t<div class=\"fusion-rollover-content\">\n\n\t\t\t\t\t\t\t\t\t\t\t\t\t\t<a class=\"fusion-rollover-link\" href=\"https:\/\/wizoo.ca\/en\/lyme-is-not-only-a-small-green-citrus-fruit\/\">How to prevent Lyme disease<\/a>\n\t\t\t\n\t\t\t\t\t\t\t\t\t\t\t\t\t\t\n\t\t\t\t\t\t\t\t\n\t\t\t\t\t\t\t\t\t\t\t\t\t<div class=\"fusion-rollover-sep\"><\/div>\n\t\t\t\t\n\t\t\t\t\t\t\t\t\t\t\t\t\t\t\t\t\t\t<a class=\"fusion-rollover-gallery\" href=\"https:\/\/wizoo.ca\/wp-content\/uploads\/2019\/09\/Wizoo-blogue_Tiques.jpg\" data-options=\"\" data-id=\"2090\" data-rel=\"iLightbox[gallery]\" data-title=\"Wizoo-blogue_Tiques\" data-caption=\"\">\n\t\t\t\t\t\tGallery\t\t\t\t\t<\/a>\n\t\t\t\t\t\t\t\t\t\t\t\t\t\t\n\t\t\n\t\t\t\t\t\t\t\t\t\t\t\t<h4 class=\"fusion-rollover-title\">\n\t\t\t\t\t<a class=\"fusion-rollover-title-link\" href=\"https:\/\/wizoo.ca\/en\/lyme-is-not-only-a-small-green-citrus-fruit\/\">\n\t\t\t\t\t\tHow to prevent Lyme disease\t\t\t\t\t<\/a>\n\t\t\t\t<\/h4>\n\t\t\t\n\t\t\t\t\t\t\t\t\t\t<div class=\"fusion-rollover-categories\"><a href=\"https:\/\/wizoo.ca\/en\/category\/general-health\/\" rel=\"tag\">General Health<\/a>, <a href=\"https:\/\/wizoo.ca\/category\/sante-generale\/\" rel=\"tag\">Sant\u00e9 g\u00e9n\u00e9rale<\/a><\/div>\t\t\t\t\t\n\t\t\n\t\t\t\t\t\t<a class=\"fusion-link-wrapper\" href=\"https:\/\/wizoo.ca\/en\/lyme-is-not-only-a-small-green-citrus-fruit\/\" aria-label=\"How to prevent Lyme disease\"><\/a>\n\t<\/div>\n<\/div>\n<\/div>\n<\/li>\n\t\t\t\n\t\t\t\n\t\t\t\t\t\t\t\t\t\t\t\t\t\t\t\t\t\t\t\t\t\t\t\t\t\t\t\t\t\t\t\t\t\t\t\t\t\t\t\t\t\t\t\t\t\t\t\t\t\t\t\t\t\t\t\t\t\t\t\t\t\t\t\t\t\t\t\t<\/ul>\n\t<\/div>\n\t<div class=\"fusion-post-content-wrapper\" style=\"padding:30px 25px 20px 25px;\"><div class=\"fusion-post-content post-content\"><h2 class=\"blog-shortcode-post-title entry-title\"><a href=\"https:\/\/wizoo.ca\/en\/lyme-is-not-only-a-small-green-citrus-fruit\/\">How to prevent Lyme disease<\/a><\/h2><div class=\"fusion-content-sep sep-none\"><\/div><div class=\"fusion-post-content-container\"><p>  Oh winter! In the cycle of seasons, winter in Quebec occupies a special place. It is often a time of renewal, reflection, family reunions, heated card games, but above all, a remarkable \u201chola\u201d[...]<\/p><\/div><\/div><div class=\"fusion-meta-info\"><div class=\"fusion-alignleft\"><a class=\"fusion-read-more\" href=\"https:\/\/wizoo.ca\/en\/lyme-is-not-only-a-small-green-citrus-fruit\/\" aria-label=\"More on How to prevent Lyme disease\">Read More<\/a><\/div><\/div><\/div><div class=\"fusion-clearfix\"><\/div><\/div>\n<\/article>\n<article id=\"blog-1-post-2091\" class=\"fusion-post-grid post-2091 post type-post status-publish format-standard has-post-thumbnail hentry category-general-health category-sante-generale\">\n<div class=\"fusion-post-wrapper\" style=\"background-color:rgba(255,255,255,0);border:1px solid #ebeaea;border-bottom-width:3px;\">\n\n\t\t\t<div class=\"fusion-flexslider flexslider fusion-flexslider-loading fusion-post-slideshow\" style=\"border-color:#ebeaea;\">\n\t\t<ul class=\"slides\">\n\t\t\t\n\t\t\t\t\t\t\t\t\t\t\t\t\t\t<li><div  class=\"fusion-image-wrapper\" aria-haspopup=\"true\">\n\t\t\t\t<img decoding=\"async\" width=\"981\" height=\"962\" src=\"https:\/\/wizoo.ca\/wp-content\/uploads\/2019\/09\/Wizoo-blogue_talk.jpg\" class=\"attachment-full size-full wp-post-image\" alt=\"\" srcset=\"https:\/\/wizoo.ca\/wp-content\/uploads\/2019\/09\/Wizoo-blogue_talk-200x196.jpg 200w, https:\/\/wizoo.ca\/wp-content\/uploads\/2019\/09\/Wizoo-blogue_talk-400x392.jpg 400w, https:\/\/wizoo.ca\/wp-content\/uploads\/2019\/09\/Wizoo-blogue_talk-600x588.jpg 600w, https:\/\/wizoo.ca\/wp-content\/uploads\/2019\/09\/Wizoo-blogue_talk-800x785.jpg 800w, https:\/\/wizoo.ca\/wp-content\/uploads\/2019\/09\/Wizoo-blogue_talk.jpg 981w\" sizes=\"(min-width: 2200px) 100vw, (min-width: 784px) 463px, (min-width: 712px) 695px, (min-width: 640px) 712px, \" \/><div class=\"fusion-rollover\">\n\t<div class=\"fusion-rollover-content\">\n\n\t\t\t\t\t\t\t\t\t\t\t\t\t\t<a class=\"fusion-rollover-link\" href=\"https:\/\/wizoo.ca\/en\/fido-is-not-screaming-so-he-is-not-hurt\/\">How to know if your pet is in pain<\/a>\n\t\t\t\n\t\t\t\t\t\t\t\t\t\t\t\t\t\t\n\t\t\t\t\t\t\t\t\n\t\t\t\t\t\t\t\t\t\t\t\t\t<div class=\"fusion-rollover-sep\"><\/div>\n\t\t\t\t\n\t\t\t\t\t\t\t\t\t\t\t\t\t\t\t\t\t\t<a class=\"fusion-rollover-gallery\" href=\"https:\/\/wizoo.ca\/wp-content\/uploads\/2019\/09\/Wizoo-blogue_talk.jpg\" data-options=\"\" data-id=\"2091\" data-rel=\"iLightbox[gallery]\" data-title=\"Wizoo-blogue_talk\" data-caption=\"\">\n\t\t\t\t\t\tGallery\t\t\t\t\t<\/a>\n\t\t\t\t\t\t\t\t\t\t\t\t\t\t\n\t\t\n\t\t\t\t\t\t\t\t\t\t\t\t<h4 class=\"fusion-rollover-title\">\n\t\t\t\t\t<a class=\"fusion-rollover-title-link\" href=\"https:\/\/wizoo.ca\/en\/fido-is-not-screaming-so-he-is-not-hurt\/\">\n\t\t\t\t\t\tHow to know if your pet is in pain\t\t\t\t\t<\/a>\n\t\t\t\t<\/h4>\n\t\t\t\n\t\t\t\t\t\t\t\t\t\t<div class=\"fusion-rollover-categories\"><a href=\"https:\/\/wizoo.ca\/en\/category\/general-health\/\" rel=\"tag\">General Health<\/a>, <a href=\"https:\/\/wizoo.ca\/category\/sante-generale\/\" rel=\"tag\">Sant\u00e9 g\u00e9n\u00e9rale<\/a><\/div>\t\t\t\t\t\n\t\t\n\t\t\t\t\t\t<a class=\"fusion-link-wrapper\" href=\"https:\/\/wizoo.ca\/en\/fido-is-not-screaming-so-he-is-not-hurt\/\" aria-label=\"How to know if your pet is in pain\"><\/a>\n\t<\/div>\n<\/div>\n<\/div>\n<\/li>\n\t\t\t\n\t\t\t\n\t\t\t\t\t\t\t\t\t\t\t\t\t\t\t\t\t\t\t\t\t\t\t\t\t\t\t\t\t\t\t\t\t\t\t\t\t\t\t\t\t\t\t\t\t\t\t\t\t\t\t\t\t\t\t\t\t\t\t\t\t\t\t\t\t\t\t\t<\/ul>\n\t<\/div>\n\t<div class=\"fusion-post-content-wrapper\" style=\"padding:30px 25px 20px 25px;\"><div class=\"fusion-post-content post-content\"><h2 class=\"blog-shortcode-post-title entry-title\"><a href=\"https:\/\/wizoo.ca\/en\/fido-is-not-screaming-so-he-is-not-hurt\/\">How to know if your pet is in pain<\/a><\/h2><div class=\"fusion-content-sep sep-none\"><\/div><div class=\"fusion-post-content-container\"><p>  You are running! You are still running! You feel like you\u2019re running out of breath, your legs are shaking and cramps are piercing your sides like daggers. Brutus, your non castrated dog, all[...]<\/p><\/div><\/div><div class=\"fusion-meta-info\"><div class=\"fusion-alignleft\"><a class=\"fusion-read-more\" href=\"https:\/\/wizoo.ca\/en\/fido-is-not-screaming-so-he-is-not-hurt\/\" aria-label=\"More on How to know if your pet is in pain\">Read More<\/a><\/div><\/div><\/div><div class=\"fusion-clearfix\"><\/div><\/div>\n<\/article>\n<div class=\"fusion-clearfix\"><\/div><\/div><\/div><div class=\"fusion-clearfix\"><\/div><\/div><\/div><\/div><\/div><div class=\"fusion-fullwidth fullwidth-box fusion-builder-row-2 hundred-percent-fullwidth non-hundred-percent-height-scrolling fusion-equal-height-columns\" style=\"--awb-border-radius-top-left:0px;--awb-border-radius-top-right:0px;--awb-border-radius-bottom-right:0px;--awb-border-radius-bottom-left:0px;--awb-padding-top:60px;--awb-padding-bottom:60px;--awb-margin-top:60px;--awb-background-color:#39187d;--awb-flex-wrap:wrap;\" ><div class=\"fusion-builder-row fusion-row\"><div class=\"fusion-layout-column fusion_builder_column fusion-builder-column-1 fusion_builder_column_2_3 2_3 fusion-two-third fusion-column-first\" style=\"--awb-bg-blend:overlay;--awb-bg-size:cover;--awb-margin-bottom:0px;width:66.666666666667%;width:calc(66.666666666667% - ( ( 4% ) * 0.66666666666667 ) );margin-right: 4%;\"><div class=\"fusion-column-wrapper fusion-flex-column-wrapper-legacy\"><div class=\"fusion-column-content-centered\"><div class=\"fusion-column-content\"><div class=\"fusion-text fusion-text-1\"><h3 style=\"color: #ffffff; margin: 0px; text-align: center;\">Si vous avez des questions, contactez-nous !<\/h3>\n<\/div><\/div><\/div><div class=\"fusion-clearfix\"><\/div><\/div><\/div><div class=\"fusion-layout-column fusion_builder_column fusion-builder-column-2 fusion_builder_column_1_3 1_3 fusion-one-third fusion-column-last\" style=\"--awb-bg-blend:overlay;--awb-bg-size:cover;--awb-margin-bottom:0px;width:33.333333333333%;width:calc(33.333333333333% - ( ( 4% ) * 0.33333333333333 ) );\"><div class=\"fusion-column-wrapper fusion-flex-column-wrapper-legacy\"><div class=\"fusion-column-content-centered\"><div class=\"fusion-column-content\"><div class=\"fusion-sep-clear\"><\/div><div class=\"fusion-separator fusion-no-medium-visibility fusion-no-large-visibility fusion-full-width-sep\" style=\"margin-left: auto;margin-right: auto;margin-top:50px;width:100%;\"><\/div><div class=\"fusion-sep-clear\"><\/div><div class=\"fusion-button-wrapper fusion-aligncenter\"><a class=\"fusion-button button-flat fusion-button-default-size button-default fusion-button-default button-1 fusion-button-default-span fusion-button-default-type\" style=\"--button-border-radius-top-left:25px;--button-border-radius-top-right:25px;--button-border-radius-bottom-right:25px;--button-border-radius-bottom-left:25px;\" target=\"_self\" href=\"https:\/\/wizoo.ca\/en\/contact\/\"><span class=\"fusion-button-text awb-button__text awb-button__text--default\">Contactez-nous<\/span><\/a><\/div><\/div><\/div><div class=\"fusion-clearfix\"><\/div><\/div><\/div><\/div><\/div>\n<\/p>\n","protected":false},"excerpt":{"rendered":"","protected":false},"author":11,"featured_media":0,"parent":0,"menu_order":0,"comment_status":"closed","ping_status":"closed","template":"100-width.php","meta":{"_acf_changed":false,"footnotes":""},"class_list":["post-2109","page","type-page","status-publish","hentry"],"acf":[],"yoast_head":"<!-- This site is optimized with the Yoast SEO plugin v27.4 - https:\/\/yoast.com\/product\/yoast-seo-wordpress\/ -->\n<title>Blog | Animal Health Chronicle Articles | Wizoo<\/title>\n<meta name=\"description\" content=\"Vaccines, diseases, news, animal health chronicle... learn more about your pets and his health through our veterinary articles on our blog!\" \/>\n<meta name=\"robots\" content=\"index, follow, max-snippet:-1, max-image-preview:large, max-video-preview:-1\" \/>\n<link rel=\"canonical\" href=\"https:\/\/wizoo.ca\/en\/animal-health-chronicle\/\" \/>\n<meta property=\"og:locale\" content=\"en_US\" \/>\n<meta property=\"og:type\" content=\"article\" \/>\n<meta property=\"og:title\" content=\"Blog | Animal Health Chronicle Articles | Wizoo\" \/>\n<meta property=\"og:description\" content=\"Vaccines, diseases, news, animal health chronicle... learn more about your pets and his health through our veterinary articles on our blog!\" \/>\n<meta property=\"og:url\" content=\"https:\/\/wizoo.ca\/en\/animal-health-chronicle\/\" \/>\n<meta property=\"og:site_name\" content=\"Wizoo\" \/>\n<meta property=\"article:modified_time\" content=\"2023-05-31T13:02:11+00:00\" \/>\n<meta name=\"twitter:card\" content=\"summary_large_image\" \/>\n<meta name=\"twitter:label1\" content=\"Est. reading time\" \/>\n\t<meta name=\"twitter:data1\" content=\"2 minutes\" \/>\n<script type=\"application\/ld+json\" class=\"yoast-schema-graph\">{\"@context\":\"https:\\\/\\\/schema.org\",\"@graph\":[{\"@type\":\"WebPage\",\"@id\":\"https:\\\/\\\/wizoo.ca\\\/en\\\/animal-health-chronicle\\\/\",\"url\":\"https:\\\/\\\/wizoo.ca\\\/en\\\/animal-health-chronicle\\\/\",\"name\":\"Blog | Animal Health Chronicle Articles | Wizoo\",\"isPartOf\":{\"@id\":\"https:\\\/\\\/wizoo.ca\\\/en\\\/#website\"},\"datePublished\":\"2016-11-07T04:06:06+00:00\",\"dateModified\":\"2023-05-31T13:02:11+00:00\",\"description\":\"Vaccines, diseases, news, animal health chronicle... learn more about your pets and his health through our veterinary articles on our blog!\",\"breadcrumb\":{\"@id\":\"https:\\\/\\\/wizoo.ca\\\/en\\\/animal-health-chronicle\\\/#breadcrumb\"},\"inLanguage\":\"en-US\",\"potentialAction\":[{\"@type\":\"ReadAction\",\"target\":[\"https:\\\/\\\/wizoo.ca\\\/en\\\/animal-health-chronicle\\\/\"]}]},{\"@type\":\"BreadcrumbList\",\"@id\":\"https:\\\/\\\/wizoo.ca\\\/en\\\/animal-health-chronicle\\\/#breadcrumb\",\"itemListElement\":[{\"@type\":\"ListItem\",\"position\":1,\"name\":\"Home\",\"item\":\"https:\\\/\\\/wizoo.ca\\\/en\\\/\"},{\"@type\":\"ListItem\",\"position\":2,\"name\":\"Blog | Animal health chronicle\"}]},{\"@type\":\"WebSite\",\"@id\":\"https:\\\/\\\/wizoo.ca\\\/en\\\/#website\",\"url\":\"https:\\\/\\\/wizoo.ca\\\/en\\\/\",\"name\":\"Wizoo\",\"description\":\"Un bureau v\u00e9t\u00e9rinaire pas comme les autres\",\"potentialAction\":[{\"@type\":\"SearchAction\",\"target\":{\"@type\":\"EntryPoint\",\"urlTemplate\":\"https:\\\/\\\/wizoo.ca\\\/en\\\/?s={search_term_string}\"},\"query-input\":{\"@type\":\"PropertyValueSpecification\",\"valueRequired\":true,\"valueName\":\"search_term_string\"}}],\"inLanguage\":\"en-US\"}]}<\/script>\n<!-- \/ Yoast SEO plugin. -->","yoast_head_json":{"title":"Blog | Animal Health Chronicle Articles | Wizoo","description":"Vaccines, diseases, news, animal health chronicle... learn more about your pets and his health through our veterinary articles on our blog!","robots":{"index":"index","follow":"follow","max-snippet":"max-snippet:-1","max-image-preview":"max-image-preview:large","max-video-preview":"max-video-preview:-1"},"canonical":"https:\/\/wizoo.ca\/en\/animal-health-chronicle\/","og_locale":"en_US","og_type":"article","og_title":"Blog | Animal Health Chronicle Articles | Wizoo","og_description":"Vaccines, diseases, news, animal health chronicle... learn more about your pets and his health through our veterinary articles on our blog!","og_url":"https:\/\/wizoo.ca\/en\/animal-health-chronicle\/","og_site_name":"Wizoo","article_modified_time":"2023-05-31T13:02:11+00:00","twitter_card":"summary_large_image","twitter_misc":{"Est. reading time":"2 minutes"},"schema":{"@context":"https:\/\/schema.org","@graph":[{"@type":"WebPage","@id":"https:\/\/wizoo.ca\/en\/animal-health-chronicle\/","url":"https:\/\/wizoo.ca\/en\/animal-health-chronicle\/","name":"Blog | Animal Health Chronicle Articles | Wizoo","isPartOf":{"@id":"https:\/\/wizoo.ca\/en\/#website"},"datePublished":"2016-11-07T04:06:06+00:00","dateModified":"2023-05-31T13:02:11+00:00","description":"Vaccines, diseases, news, animal health chronicle... learn more about your pets and his health through our veterinary articles on our blog!","breadcrumb":{"@id":"https:\/\/wizoo.ca\/en\/animal-health-chronicle\/#breadcrumb"},"inLanguage":"en-US","potentialAction":[{"@type":"ReadAction","target":["https:\/\/wizoo.ca\/en\/animal-health-chronicle\/"]}]},{"@type":"BreadcrumbList","@id":"https:\/\/wizoo.ca\/en\/animal-health-chronicle\/#breadcrumb","itemListElement":[{"@type":"ListItem","position":1,"name":"Home","item":"https:\/\/wizoo.ca\/en\/"},{"@type":"ListItem","position":2,"name":"Blog | Animal health chronicle"}]},{"@type":"WebSite","@id":"https:\/\/wizoo.ca\/en\/#website","url":"https:\/\/wizoo.ca\/en\/","name":"Wizoo","description":"Un bureau v\u00e9t\u00e9rinaire pas comme les autres","potentialAction":[{"@type":"SearchAction","target":{"@type":"EntryPoint","urlTemplate":"https:\/\/wizoo.ca\/en\/?s={search_term_string}"},"query-input":{"@type":"PropertyValueSpecification","valueRequired":true,"valueName":"search_term_string"}}],"inLanguage":"en-US"}]}},"_links":{"self":[{"href":"https:\/\/wizoo.ca\/en\/wp-json\/wp\/v2\/pages\/2109","targetHints":{"allow":["GET"]}}],"collection":[{"href":"https:\/\/wizoo.ca\/en\/wp-json\/wp\/v2\/pages"}],"about":[{"href":"https:\/\/wizoo.ca\/en\/wp-json\/wp\/v2\/types\/page"}],"author":[{"embeddable":true,"href":"https:\/\/wizoo.ca\/en\/wp-json\/wp\/v2\/users\/11"}],"replies":[{"embeddable":true,"href":"https:\/\/wizoo.ca\/en\/wp-json\/wp\/v2\/comments?post=2109"}],"version-history":[{"count":6,"href":"https:\/\/wizoo.ca\/en\/wp-json\/wp\/v2\/pages\/2109\/revisions"}],"predecessor-version":[{"id":9443,"href":"https:\/\/wizoo.ca\/en\/wp-json\/wp\/v2\/pages\/2109\/revisions\/9443"}],"wp:attachment":[{"href":"https:\/\/wizoo.ca\/en\/wp-json\/wp\/v2\/media?parent=2109"}],"curies":[{"name":"wp","href":"https:\/\/api.w.org\/{rel}","templated":true}]}}